{"id":332,"date":"2025-08-15T11:38:46","date_gmt":"2025-08-15T11:38:46","guid":{"rendered":"https:\/\/sandbox.imaxel.com\/wordpress\/?page_id=332"},"modified":"2025-12-01T21:31:36","modified_gmt":"2025-12-01T21:31:36","slug":"como-funciona","status":"publish","type":"page","link":"https:\/\/sandbox.imaxel.com\/wordpress\/","title":{"rendered":""},"content":{"rendered":"\n<div class=\"wp-block-media-text alignwide is-stacked-on-mobile is-vertically-aligned-center\"><figure class=\"wp-block-media-text__media\"><img loading=\"lazy\" decoding=\"async\" width=\"700\" height=\"700\" src=\"https:\/\/sandbox.imaxel.com\/wordpress\/wp-content\/uploads\/2025\/08\/presta_demo.jpg\" alt=\"\" class=\"wp-image-341 size-full\" srcset=\"https:\/\/sandbox.imaxel.com\/wordpress\/wp-content\/uploads\/2025\/08\/presta_demo.jpg 700w, https:\/\/sandbox.imaxel.com\/wordpress\/wp-content\/uploads\/2025\/08\/presta_demo-300x300.jpg 300w, https:\/\/sandbox.imaxel.com\/wordpress\/wp-content\/uploads\/2025\/08\/presta_demo-150x150.jpg 150w, https:\/\/sandbox.imaxel.com\/wordpress\/wp-content\/uploads\/2025\/08\/presta_demo-324x324.jpg 324w, https:\/\/sandbox.imaxel.com\/wordpress\/wp-content\/uploads\/2025\/08\/presta_demo-416x416.jpg 416w, https:\/\/sandbox.imaxel.com\/wordpress\/wp-content\/uploads\/2025\/08\/presta_demo-100x100.jpg 100w\" sizes=\"(max-width: 700px) 100vw, 700px\" \/><\/figure><div class=\"wp-block-media-text__content\">\n<h3 class=\"wp-block-heading\">\u00bfQu\u00e9 es?<\/h3>\n\n\n\n<p>El plugin de Imaxel para WordPress es una herramienta que se integra con WooCommerce para permitir a los clientes <strong>personalizar productos directamente en tu tienda online<\/strong>.<\/p>\n\n\n\n<h3 class=\"wp-block-heading\">\u00bfC\u00f3mo se integra?<\/h3>\n\n\n\n<p>Reemplaza el bot\u00f3n nativo de WooCommerce \u00abA\u00f1adir al carrito\u00bb por un bot\u00f3n de \u00abCrear ahora\u00bb, que abre el editor de Imaxel para que el cliente personalice el producto.<br><\/p>\n\n\n\n<figure class=\"wp-block-gallery has-nested-images columns-default is-cropped wp-block-gallery-1 is-layout-flex wp-block-gallery-is-layout-flex\">\n<figure data-wp-context=\"{&quot;uploadedSrc&quot;:&quot;https:\\\/\\\/sandbox.imaxel.com\\\/wordpress\\\/wp-content\\\/uploads\\\/2025\\\/08\\\/presta_button_2.jpg&quot;,&quot;figureClassNames&quot;:&quot;wp-block-image size-large&quot;,&quot;figureStyles&quot;:null,&quot;imgClassNames&quot;:&quot;wp-image-343&quot;,&quot;imgStyles&quot;:null,&quot;targetWidth&quot;:611,&quot;targetHeight&quot;:371,&quot;scaleAttr&quot;:false,&quot;ariaLabel&quot;:&quot;Ampliar la imagen&quot;,&quot;alt&quot;:&quot;&quot;}\" data-wp-interactive=\"core\/image\" class=\"wp-block-image size-large wp-lightbox-container\"><img loading=\"lazy\" decoding=\"async\" width=\"611\" height=\"371\" data-wp-init=\"callbacks.setButtonStyles\" data-wp-on--click=\"actions.showLightbox\" data-wp-on--load=\"callbacks.setButtonStyles\" data-wp-on-window--resize=\"callbacks.setButtonStyles\" src=\"https:\/\/sandbox.imaxel.com\/wordpress\/wp-content\/uploads\/2025\/08\/presta_button_2.jpg\" alt=\"\" class=\"wp-image-343\" srcset=\"https:\/\/sandbox.imaxel.com\/wordpress\/wp-content\/uploads\/2025\/08\/presta_button_2.jpg 611w, https:\/\/sandbox.imaxel.com\/wordpress\/wp-content\/uploads\/2025\/08\/presta_button_2-300x182.jpg 300w, https:\/\/sandbox.imaxel.com\/wordpress\/wp-content\/uploads\/2025\/08\/presta_button_2-416x253.jpg 416w\" sizes=\"(max-width: 611px) 100vw, 611px\" \/><button\n\t\t\tclass=\"lightbox-trigger\"\n\t\t\ttype=\"button\"\n\t\t\taria-haspopup=\"dialog\"\n\t\t\taria-label=\"Ampliar la imagen\"\n\t\t\tdata-wp-init=\"callbacks.initTriggerButton\"\n\t\t\tdata-wp-on--click=\"actions.showLightbox\"\n\t\t\tdata-wp-style--right=\"context.imageButtonRight\"\n\t\t\tdata-wp-style--top=\"context.imageButtonTop\"\n\t\t>\n\t\t\t<svg xmlns=\"http:\/\/www.w3.org\/2000\/svg\" width=\"12\" height=\"12\" fill=\"none\" viewBox=\"0 0 12 12\">\n\t\t\t\t<path fill=\"#fff\" d=\"M2 0a2 2 0 0 0-2 2v2h1.5V2a.5.5 0 0 1 .5-.5h2V0H2Zm2 10.5H2a.5.5 0 0 1-.5-.5V8H0v2a2 2 0 0 0 2 2h2v-1.5ZM8 12v-1.5h2a.5.5 0 0 0 .5-.5V8H12v2a2 2 0 0 1-2 2H8Zm2-12a2 2 0 0 1 2 2v2h-1.5V2a.5.5 0 0 0-.5-.5H8V0h2Z\" \/>\n\t\t\t<\/svg>\n\t\t<\/button><\/figure>\n\n\n\n<figure data-wp-context=\"{&quot;uploadedSrc&quot;:&quot;https:\\\/\\\/sandbox.imaxel.com\\\/wordpress\\\/wp-content\\\/uploads\\\/2025\\\/08\\\/presta_button_1.jpg&quot;,&quot;figureClassNames&quot;:&quot;wp-block-image size-large&quot;,&quot;figureStyles&quot;:null,&quot;imgClassNames&quot;:&quot;wp-image-342&quot;,&quot;imgStyles&quot;:null,&quot;targetWidth&quot;:611,&quot;targetHeight&quot;:371,&quot;scaleAttr&quot;:false,&quot;ariaLabel&quot;:&quot;Ampliar la imagen&quot;,&quot;alt&quot;:&quot;&quot;}\" data-wp-interactive=\"core\/image\" class=\"wp-block-image size-large wp-lightbox-container\"><img loading=\"lazy\" decoding=\"async\" width=\"611\" height=\"371\" data-wp-init=\"callbacks.setButtonStyles\" data-wp-on--click=\"actions.showLightbox\" data-wp-on--load=\"callbacks.setButtonStyles\" data-wp-on-window--resize=\"callbacks.setButtonStyles\" src=\"https:\/\/sandbox.imaxel.com\/wordpress\/wp-content\/uploads\/2025\/08\/presta_button_1.jpg\" alt=\"\" class=\"wp-image-342\" srcset=\"https:\/\/sandbox.imaxel.com\/wordpress\/wp-content\/uploads\/2025\/08\/presta_button_1.jpg 611w, https:\/\/sandbox.imaxel.com\/wordpress\/wp-content\/uploads\/2025\/08\/presta_button_1-300x182.jpg 300w, https:\/\/sandbox.imaxel.com\/wordpress\/wp-content\/uploads\/2025\/08\/presta_button_1-416x253.jpg 416w\" sizes=\"(max-width: 611px) 100vw, 611px\" \/><button\n\t\t\tclass=\"lightbox-trigger\"\n\t\t\ttype=\"button\"\n\t\t\taria-haspopup=\"dialog\"\n\t\t\taria-label=\"Ampliar la imagen\"\n\t\t\tdata-wp-init=\"callbacks.initTriggerButton\"\n\t\t\tdata-wp-on--click=\"actions.showLightbox\"\n\t\t\tdata-wp-style--right=\"context.imageButtonRight\"\n\t\t\tdata-wp-style--top=\"context.imageButtonTop\"\n\t\t>\n\t\t\t<svg xmlns=\"http:\/\/www.w3.org\/2000\/svg\" width=\"12\" height=\"12\" fill=\"none\" viewBox=\"0 0 12 12\">\n\t\t\t\t<path fill=\"#fff\" d=\"M2 0a2 2 0 0 0-2 2v2h1.5V2a.5.5 0 0 1 .5-.5h2V0H2Zm2 10.5H2a.5.5 0 0 1-.5-.5V8H0v2a2 2 0 0 0 2 2h2v-1.5ZM8 12v-1.5h2a.5.5 0 0 0 .5-.5V8H12v2a2 2 0 0 1-2 2H8Zm2-12a2 2 0 0 1 2 2v2h-1.5V2a.5.5 0 0 0-.5-.5H8V0h2Z\" \/>\n\t\t\t<\/svg>\n\t\t<\/button><\/figure>\n<\/figure>\n\n\n\n<p>Una vez la personalizaci\u00f3n esta en la cesta, el flujo de la compra sigue el proceso natural de woocomerce.<\/p>\n<\/div><\/div>\n\n\n<div class=\"wp-block-image\">\n<figure class=\"aligncenter size-large is-resized\"><img loading=\"lazy\" decoding=\"async\" width=\"1024\" height=\"271\" src=\"https:\/\/sandbox.imaxel.com\/wordpress\/wp-content\/uploads\/2025\/08\/flujo-1-1024x271.jpg\" alt=\"\" class=\"wp-image-400\" style=\"width:1018px;height:auto\" srcset=\"https:\/\/sandbox.imaxel.com\/wordpress\/wp-content\/uploads\/2025\/08\/flujo-1-1024x271.jpg 1024w, https:\/\/sandbox.imaxel.com\/wordpress\/wp-content\/uploads\/2025\/08\/flujo-1-300x79.jpg 300w, https:\/\/sandbox.imaxel.com\/wordpress\/wp-content\/uploads\/2025\/08\/flujo-1-768x203.jpg 768w, https:\/\/sandbox.imaxel.com\/wordpress\/wp-content\/uploads\/2025\/08\/flujo-1-1536x406.jpg 1536w, https:\/\/sandbox.imaxel.com\/wordpress\/wp-content\/uploads\/2025\/08\/flujo-1-416x110.jpg 416w, https:\/\/sandbox.imaxel.com\/wordpress\/wp-content\/uploads\/2025\/08\/flujo-1.jpg 1573w\" sizes=\"(max-width: 1024px) 100vw, 1024px\" \/><\/figure><\/div>\n\n\n<div style=\"height:100px\" aria-hidden=\"true\" class=\"wp-block-spacer\"><\/div>\n\n\n\n<div class=\"wp-block-media-text alignwide has-media-on-the-right is-stacked-on-mobile is-vertically-aligned-center\"><div class=\"wp-block-media-text__content\">\n<h3 class=\"wp-block-heading\">\u00bfQu\u00e9 plantillas se pueden crear?<\/h3>\n\n\n\n<p>Todos aquellos que se puedan imaginar:<\/p>\n\n\n\n<p><strong>Fotolibros y \u00e1lbumes digitales:<\/strong> Permiten a los clientes crear libros de fotos con dise\u00f1os, textos y disposici\u00f3n de im\u00e1genes a su gusto. <a href=\"https:\/\/sandbox.imaxel.com\/wordpress\/producto\/album-dina4-fujcxa4album\/\">Ver ejemplo.<\/a><\/p>\n\n\n\n<p><strong>Copias fotogr\u00e1ficas:<\/strong> Se pueden personalizar fotos individuales, como fotos tama\u00f1o carn\u00e9, o imprimir varias copias de la misma imagen. <a href=\"https:\/\/sandbox.imaxel.com\/wordpress\/producto\/copias-estandar-002\/\">Ver ejemplo<\/a>.<\/p>\n\n\n\n<p><strong>Calendarios: <\/strong>Dise\u00f1os de calendarios con fotos de los clientes para cada mes. <a href=\"https:\/\/sandbox.imaxel.com\/wordpress\/producto\/calendario-a4-fujcxcala4\/\" data-type=\"link\" data-id=\"https:\/\/sandbox.imaxel.com\/wordpress\/producto\/calendario-a4-fujcxcala4\/\" target=\"_blank\" rel=\"noreferrer noopener\">Ver ejemplo<\/a>.<\/p>\n\n\n\n<p><strong>Lienzos y decoraci\u00f3n de pared: <\/strong>Los clientes pueden subir una imagen para que se imprima en un lienzo, un cuadro, un p\u00f3ster, etc. <a href=\"https:\/\/sandbox.imaxel.com\/wordpress\/producto\/square-canvas-067\/\">Ver ejemplo<\/a>.<\/p>\n\n\n\n<p><strong>Regalos personalizados: <\/strong>Esto incluye una amplia gama de productos como tazas, camisetas, fundas de m\u00f3vil, puzzles, alfombrillas de rat\u00f3n y muchos m\u00e1s, a los que se les puede a\u00f1adir fotos y textos. <a href=\"https:\/\/sandbox.imaxel.com\/wordpress\/producto\/pack-chapas-016\/\">Ver ejemplo<\/a>.<\/p>\n\n\n\n<p><strong>Tarjetas y postales:<\/strong> Tarjetas de felicitaci\u00f3n, invitaciones, postales, etc., con dise\u00f1os personalizados. <a href=\"https:\/\/sandbox.imaxel.com\/wordpress\/producto\/felicitacion-de-navidad-10x15-fujcx4x6greetingcard\/\" data-type=\"link\" data-id=\"https:\/\/sandbox.imaxel.com\/wordpress\/producto\/felicitacion-de-navidad-10x15-fujcx4x6greetingcard\/\" target=\"_blank\" rel=\"noreferrer noopener\">Ver ejemplo<\/a>.<\/p>\n\n\n\n<h3 class=\"wp-block-heading\">\u00bfD\u00f3nde se crean estas plantillas?<\/h3>\n\n\n\n<p><strong>En nuestro Gestor de plantillas:<\/strong> Un entorno independiente a WordPress gestionado por ti. <a href=\"https:\/\/www.imaxel.com\/centro-de-ayuda\/presentacion-de-las-plantillas-de-productos\/\" data-type=\"link\" data-id=\"https:\/\/sandbox.imaxel.com\/wordpress\/producto\/felicitacion-de-navidad-10x15-fujcx4x6greetingcard\/\" target=\"_blank\" rel=\"noreferrer noopener\">M\u00e1s informaci\u00f3n del Gestor de Plantillas.<\/a><\/p>\n<\/div><figure class=\"wp-block-media-text__media\"><img loading=\"lazy\" decoding=\"async\" width=\"800\" height=\"800\" src=\"https:\/\/sandbox.imaxel.com\/wordpress\/wp-content\/uploads\/2025\/08\/thumb_.jpg\" alt=\"\" class=\"wp-image-349 size-full\" srcset=\"https:\/\/sandbox.imaxel.com\/wordpress\/wp-content\/uploads\/2025\/08\/thumb_.jpg 800w, https:\/\/sandbox.imaxel.com\/wordpress\/wp-content\/uploads\/2025\/08\/thumb_-300x300.jpg 300w, https:\/\/sandbox.imaxel.com\/wordpress\/wp-content\/uploads\/2025\/08\/thumb_-150x150.jpg 150w, https:\/\/sandbox.imaxel.com\/wordpress\/wp-content\/uploads\/2025\/08\/thumb_-768x768.jpg 768w, https:\/\/sandbox.imaxel.com\/wordpress\/wp-content\/uploads\/2025\/08\/thumb_-324x324.jpg 324w, https:\/\/sandbox.imaxel.com\/wordpress\/wp-content\/uploads\/2025\/08\/thumb_-416x416.jpg 416w, https:\/\/sandbox.imaxel.com\/wordpress\/wp-content\/uploads\/2025\/08\/thumb_-100x100.jpg 100w\" sizes=\"(max-width: 800px) 100vw, 800px\" \/><\/figure><\/div>\n\n\n\n<div style=\"height:100px\" aria-hidden=\"true\" class=\"wp-block-spacer\"><\/div>\n\n\n\n<div class=\"wp-block-media-text alignwide is-stacked-on-mobile is-vertically-aligned-center\"><figure class=\"wp-block-media-text__media\"><img loading=\"lazy\" decoding=\"async\" width=\"1024\" height=\"768\" src=\"https:\/\/sandbox.imaxel.com\/wordpress\/wp-content\/uploads\/2025\/08\/banner_3-1024x768.jpg\" alt=\"\" class=\"wp-image-356 size-full\" srcset=\"https:\/\/sandbox.imaxel.com\/wordpress\/wp-content\/uploads\/2025\/08\/banner_3-1024x768.jpg 1024w, https:\/\/sandbox.imaxel.com\/wordpress\/wp-content\/uploads\/2025\/08\/banner_3-300x225.jpg 300w, https:\/\/sandbox.imaxel.com\/wordpress\/wp-content\/uploads\/2025\/08\/banner_3-768x576.jpg 768w, https:\/\/sandbox.imaxel.com\/wordpress\/wp-content\/uploads\/2025\/08\/banner_3-1536x1152.jpg 1536w, https:\/\/sandbox.imaxel.com\/wordpress\/wp-content\/uploads\/2025\/08\/banner_3-2048x1536.jpg 2048w, https:\/\/sandbox.imaxel.com\/wordpress\/wp-content\/uploads\/2025\/08\/banner_3-416x312.jpg 416w\" sizes=\"(max-width: 1024px) 100vw, 1024px\" \/><\/figure><div class=\"wp-block-media-text__content\">\n<h3 class=\"wp-block-heading\">\u00bfY qu\u00e9 m\u00e1s?<\/h3>\n\n\n\n<p>El plugin, junto con la potencia del editor de Imaxel, proporciona las herramientas necesarias para una experiencia de compra f\u00e1cil y una gesti\u00f3n de la producci\u00f3n \u00f3ptima:<\/p>\n\n\n\n<p><strong>Gesti\u00f3n de los proyectos :<\/strong> Permite la edici\u00f3n por parte del administrador de los proyectos de los clientes, para supervisi\u00f3n o correcci\u00f3n si fuera necesaria.<\/p>\n\n\n\n<p><strong>Integraci\u00f3n con puntos de venta:<\/strong> A trav\u00e9s de los puntos de venta nativos de Woocomerce o bien a trav\u00e9s del <a href=\"https:\/\/woocommerce.com\/es\/products\/local-pickup-plus\/\" data-type=\"link\" data-id=\"https:\/\/woocommerce.com\/es\/products\/local-pickup-plus\/\" target=\"_blank\" rel=\"noreferrer noopener nofollow\">Local Pick Up Plus.<\/a><\/p>\n\n\n\n<p><strong>Descarga de pedidos: <\/strong>Disponible a trav\u00e9s del WP-Admin o bien mediante nuestro software Print Center, incluido con el alta.<\/p>\n\n\n\n<div class=\"wp-block-columns is-layout-flex wp-container-core-columns-is-layout-1 wp-block-columns-is-layout-flex\">\n<div class=\"wp-block-column is-layout-flow wp-block-column-is-layout-flow\">\n<p>En el siguiente esquema podr\u00e1s ver esquem\u00e1ticamente las diferentes formas de descarga de pedidos que tienes disponibles<\/p>\n<\/div>\n\n\n\n<div class=\"wp-block-column is-layout-flow wp-block-column-is-layout-flow\">\n<figure data-wp-context=\"{&quot;uploadedSrc&quot;:&quot;https:\\\/\\\/sandbox.imaxel.com\\\/wordpress\\\/wp-content\\\/uploads\\\/2025\\\/08\\\/diagrama_imaxel_woocomerce-768x778-1.jpg&quot;,&quot;figureClassNames&quot;:&quot;wp-block-image size-full is-resized&quot;,&quot;figureStyles&quot;:null,&quot;imgClassNames&quot;:&quot;wp-image-408&quot;,&quot;imgStyles&quot;:&quot;width:211px;height:auto&quot;,&quot;targetWidth&quot;:768,&quot;targetHeight&quot;:778,&quot;scaleAttr&quot;:false,&quot;ariaLabel&quot;:&quot;Ampliar la imagen&quot;,&quot;alt&quot;:&quot;&quot;}\" data-wp-interactive=\"core\/image\" class=\"wp-block-image size-full is-resized wp-lightbox-container\"><img loading=\"lazy\" decoding=\"async\" width=\"768\" height=\"778\" data-wp-init=\"callbacks.setButtonStyles\" data-wp-on--click=\"actions.showLightbox\" data-wp-on--load=\"callbacks.setButtonStyles\" data-wp-on-window--resize=\"callbacks.setButtonStyles\" src=\"https:\/\/sandbox.imaxel.com\/wordpress\/wp-content\/uploads\/2025\/08\/diagrama_imaxel_woocomerce-768x778-1.jpg\" alt=\"\" class=\"wp-image-408\" style=\"width:211px;height:auto\" srcset=\"https:\/\/sandbox.imaxel.com\/wordpress\/wp-content\/uploads\/2025\/08\/diagrama_imaxel_woocomerce-768x778-1.jpg 768w, https:\/\/sandbox.imaxel.com\/wordpress\/wp-content\/uploads\/2025\/08\/diagrama_imaxel_woocomerce-768x778-1-296x300.jpg 296w, https:\/\/sandbox.imaxel.com\/wordpress\/wp-content\/uploads\/2025\/08\/diagrama_imaxel_woocomerce-768x778-1-416x421.jpg 416w, https:\/\/sandbox.imaxel.com\/wordpress\/wp-content\/uploads\/2025\/08\/diagrama_imaxel_woocomerce-768x778-1-100x100.jpg 100w\" sizes=\"(max-width: 768px) 100vw, 768px\" \/><button\n\t\t\tclass=\"lightbox-trigger\"\n\t\t\ttype=\"button\"\n\t\t\taria-haspopup=\"dialog\"\n\t\t\taria-label=\"Ampliar la imagen\"\n\t\t\tdata-wp-init=\"callbacks.initTriggerButton\"\n\t\t\tdata-wp-on--click=\"actions.showLightbox\"\n\t\t\tdata-wp-style--right=\"context.imageButtonRight\"\n\t\t\tdata-wp-style--top=\"context.imageButtonTop\"\n\t\t>\n\t\t\t<svg xmlns=\"http:\/\/www.w3.org\/2000\/svg\" width=\"12\" height=\"12\" fill=\"none\" viewBox=\"0 0 12 12\">\n\t\t\t\t<path fill=\"#fff\" d=\"M2 0a2 2 0 0 0-2 2v2h1.5V2a.5.5 0 0 1 .5-.5h2V0H2Zm2 10.5H2a.5.5 0 0 1-.5-.5V8H0v2a2 2 0 0 0 2 2h2v-1.5ZM8 12v-1.5h2a.5.5 0 0 0 .5-.5V8H12v2a2 2 0 0 1-2 2H8Zm2-12a2 2 0 0 1 2 2v2h-1.5V2a.5.5 0 0 0-.5-.5H8V0h2Z\" \/>\n\t\t\t<\/svg>\n\t\t<\/button><figcaption class=\"wp-element-caption\">Haz clic para ampliar<\/figcaption><\/figure>\n<\/div>\n<\/div>\n\n\n\n<p><strong>Integraci\u00f3n con las marcas punteras del mercado: <\/strong>Mitsubishi, Fujifilm, Citizen, Noritsu, DNP&#8230;.son algunas de las integraciones del Print Center para impresi\u00f3n directa de pedidos. <br><a href=\"https:\/\/www.imaxel.com\/centro-de-ayuda\/print-center-introduccion\/\">M\u00e1s informaci\u00f3n del Print Center<\/a>.<\/p>\n\n\n\n<div class=\"wp-block-buttons alignwide is-content-justification-center is-layout-flex wp-container-core-buttons-is-layout-1 wp-block-buttons-is-layout-flex\">\n<div class=\"wp-block-button\"><a class=\"wp-block-button__link has-text-align-center wp-element-button\" href=\"https:\/\/www.imaxel.com\/centro-de-ayuda\/imaxel-printspot-plugin-para-woocommerce\/\" target=\"_blank\" rel=\"noreferrer noopener\">M\u00e1s informaci\u00f3n sobre el plugin Imaxel Editors for Woocommerce<\/a><\/div>\n<\/div>\n\n\nError: Product code required.\n<\/div><\/div>\n","protected":false},"excerpt":{"rendered":"<p>\u00bfQu\u00e9 plantillas se pueden crear? Todos aquellos que se puedan imaginar: Fotolibros y \u00e1lbumes digitales: Permiten a los clientes crear libros de fotos con dise\u00f1os, textos y disposici\u00f3n de im\u00e1genes a su gusto. Ver ejemplo. Copias fotogr\u00e1ficas: Se pueden personalizar fotos individuales, como fotos tama\u00f1o carn\u00e9, o imprimir varias copias de la misma imagen. Ver [&hellip;]<\/p>\n","protected":false},"author":1,"featured_media":0,"parent":0,"menu_order":0,"comment_status":"closed","ping_status":"closed","template":"","meta":{"footnotes":""},"_links":{"self":[{"href":"https:\/\/sandbox.imaxel.com\/wordpress\/wp-json\/wp\/v2\/pages\/332"}],"collection":[{"href":"https:\/\/sandbox.imaxel.com\/wordpress\/wp-json\/wp\/v2\/pages"}],"about":[{"href":"https:\/\/sandbox.imaxel.com\/wordpress\/wp-json\/wp\/v2\/types\/page"}],"author":[{"embeddable":true,"href":"https:\/\/sandbox.imaxel.com\/wordpress\/wp-json\/wp\/v2\/users\/1"}],"replies":[{"embeddable":true,"href":"https:\/\/sandbox.imaxel.com\/wordpress\/wp-json\/wp\/v2\/comments?post=332"}],"version-history":[{"count":26,"href":"https:\/\/sandbox.imaxel.com\/wordpress\/wp-json\/wp\/v2\/pages\/332\/revisions"}],"predecessor-version":[{"id":457,"href":"https:\/\/sandbox.imaxel.com\/wordpress\/wp-json\/wp\/v2\/pages\/332\/revisions\/457"}],"wp:attachment":[{"href":"https:\/\/sandbox.imaxel.com\/wordpress\/wp-json\/wp\/v2\/media?parent=332"}],"curies":[{"name":"wp","href":"https:\/\/api.w.org\/{rel}","templated":true}]}}