{"id":499,"date":"2026-03-20T14:06:17","date_gmt":"2026-03-20T14:06:17","guid":{"rendered":"https:\/\/sandbox.imaxel.com\/wordpress\/?page_id=499"},"modified":"2026-03-23T11:04:48","modified_gmt":"2026-03-23T11:04:48","slug":"cross-selling","status":"publish","type":"page","link":"https:\/\/sandbox.imaxel.com\/wordpress\/cross-selling\/","title":{"rendered":"\u00bfQu\u00e9 es el Cross-selling de Imaxel?"},"content":{"rendered":"\n<blockquote class=\"wp-block-quote is-layout-flow wp-block-quote-is-layout-flow\">\n<p>El cross-selling es una t\u00e9cnica de venta que muestra productos complementarios o relacionados en la p\u00e1gina del carrito para incentivar al cliente a subir el ticket de su pedido actual.<\/p>\n<\/blockquote>\n\n\n\n<p>Los productos que se muestran contienen las im\u00e1genes que han usado ya los clientes para personalizar el producto que tienen en el carrito, de esta forma <strong>se ofrece un producto personalizado y exclusivo listo para comprar<\/strong>.<\/p>\n\n\n\n<p><\/p>\n\n\n\n<blockquote class=\"wp-block-quote is-layout-flow wp-block-quote-is-layout-flow\">\n<p>Al ofrecer productos ya montados con las propias im\u00e1genes del cliente, se ofrece una forma r\u00e1pida y fluida de aumentar el ticket medio, sin fricciones ni dudas, con las fotos del cliente<\/p>\n<\/blockquote>\n\n\n\n<p>Aqu\u00ed te mostramos un ejemplo del flujo de compra:<\/p>\n\n\n\n<figure class=\"wp-block-embed is-type-video is-provider-youtube wp-block-embed-youtube wp-embed-aspect-16-9 wp-has-aspect-ratio\"><div class=\"wp-block-embed__wrapper\">\n<iframe loading=\"lazy\" title=\"C\u00f3mo aumentar el ticket medio de tu tienda de fotograf\u00eda autom\u00e1ticamente\" width=\"980\" height=\"551\" src=\"https:\/\/www.youtube.com\/embed\/UYSsmjEBlTk?feature=oembed\" frameborder=\"0\" allow=\"accelerometer; autoplay; clipboard-write; encrypted-media; gyroscope; picture-in-picture; web-share\" referrerpolicy=\"strict-origin-when-cross-origin\" allowfullscreen><\/iframe>\n<\/div><\/figure>\n\n\n\n<p><\/p>\n\n\n\n<div style=\"height:15px\" aria-hidden=\"true\" class=\"wp-block-spacer\"><\/div>\n\n\n\n<h2 class=\"wp-block-heading\">\u00bfC\u00f3mo puedo verlo?<\/h2>\n\n\n\n<p>Simplemente<a href=\"https:\/\/sandbox.imaxel.com\/wordpress\/producto\/fotos-10x15-cm\/\" data-type=\"link\" data-id=\"https:\/\/sandbox.imaxel.com\/wordpress\/producto\/fotos-10x15-cm\/\" target=\"_blank\" rel=\"noreferrer noopener\"> personaliza alg\u00fan producto con nuestra herramienta<\/a> y accede a la cesta de la compra.<\/p>\n\n\n\n<div style=\"height:36px\" aria-hidden=\"true\" class=\"wp-block-spacer\"><\/div>\n\n\n\n<h2 class=\"wp-block-heading\">\u00bfC\u00f3mo se activa en mi Woocommerce?<\/h2>\n\n\n\n<p class=\"has-text-align-left\">En nuestro Centro de Ayuda tienes una gu\u00eda t\u00e9cnica de c\u00f3mo se configura:<\/p>\n\n\n\n<div class=\"wp-block-buttons is-layout-flex wp-block-buttons-is-layout-flex\">\n<div class=\"wp-block-button has-custom-width wp-block-button__width-100\"><a class=\"wp-block-button__link wp-element-button\" href=\"https:\/\/www.imaxel.com\/centro-de-ayuda\/imaxel-printspot-plugin-para-woocommerce\/#crosselling\" target=\"_blank\" rel=\"noreferrer noopener\">Cross-Selling de Imaxel en Woocommerce<\/a><\/div>\n<\/div>\n\n\n\n<div style=\"height:15px\" aria-hidden=\"true\" class=\"wp-block-spacer\"><\/div>\n\n\n\n<p>Si tienes alguna duda adicional puedes agendar una sesi\u00f3n con nosotros:<\/p>\n\n\n\n<div class=\"wp-block-buttons is-layout-flex wp-block-buttons-is-layout-flex\">\n<div class=\"wp-block-button has-custom-width wp-block-button__width-100 has-custom-font-size is-style-fill has-normal-font-size\"><a class=\"wp-block-button__link wp-element-button\" href=\"https:\/\/calendar.google.com\/calendar\/u\/0\/appointments\/schedules\/AcZssZ3ZwC8baCSlpobC9Y0eHtGYkyzOo6LgpqxiYKfew2TSIf4jMl1KPjIE5m28rmGfbfW0N0vxPinG?gv=true\" target=\"_blank\" rel=\"noreferrer noopener\">Agendar sesi\u00f3n informativa para implementar el cross-selling de Imaxel en mi wordpress<\/a><\/div>\n<\/div>\n\n\n\n<figure class=\"wp-block-image alignwide size-large\"><img loading=\"lazy\" decoding=\"async\" width=\"1024\" height=\"586\" src=\"https:\/\/sandbox.imaxel.com\/wordpress\/wp-content\/uploads\/2026\/03\/freepik__ilustracin-conceptual-de-crossselling-en-wordpress__22397-1024x586.jpeg\" alt=\"\" class=\"wp-image-507\" srcset=\"https:\/\/sandbox.imaxel.com\/wordpress\/wp-content\/uploads\/2026\/03\/freepik__ilustracin-conceptual-de-crossselling-en-wordpress__22397-1024x586.jpeg 1024w, https:\/\/sandbox.imaxel.com\/wordpress\/wp-content\/uploads\/2026\/03\/freepik__ilustracin-conceptual-de-crossselling-en-wordpress__22397-300x172.jpeg 300w, https:\/\/sandbox.imaxel.com\/wordpress\/wp-content\/uploads\/2026\/03\/freepik__ilustracin-conceptual-de-crossselling-en-wordpress__22397-768x440.jpeg 768w, https:\/\/sandbox.imaxel.com\/wordpress\/wp-content\/uploads\/2026\/03\/freepik__ilustracin-conceptual-de-crossselling-en-wordpress__22397-1536x879.jpeg 1536w, https:\/\/sandbox.imaxel.com\/wordpress\/wp-content\/uploads\/2026\/03\/freepik__ilustracin-conceptual-de-crossselling-en-wordpress__22397-2048x1172.jpeg 2048w, https:\/\/sandbox.imaxel.com\/wordpress\/wp-content\/uploads\/2026\/03\/freepik__ilustracin-conceptual-de-crossselling-en-wordpress__22397-324x185.jpeg 324w, https:\/\/sandbox.imaxel.com\/wordpress\/wp-content\/uploads\/2026\/03\/freepik__ilustracin-conceptual-de-crossselling-en-wordpress__22397-416x238.jpeg 416w\" sizes=\"(max-width: 1024px) 100vw, 1024px\" \/><\/figure>\n","protected":false},"excerpt":{"rendered":"<p>El cross-selling es una t\u00e9cnica de venta que muestra productos complementarios o relacionados en la p\u00e1gina del carrito para incentivar al cliente a subir el ticket de su pedido actual. Los productos que se muestran contienen las im\u00e1genes que han usado ya los clientes para personalizar el producto que tienen en el carrito, de esta [&hellip;]<\/p>\n","protected":false},"author":1,"featured_media":0,"parent":0,"menu_order":0,"comment_status":"closed","ping_status":"closed","template":"","meta":{"footnotes":""},"_links":{"self":[{"href":"https:\/\/sandbox.imaxel.com\/wordpress\/wp-json\/wp\/v2\/pages\/499"}],"collection":[{"href":"https:\/\/sandbox.imaxel.com\/wordpress\/wp-json\/wp\/v2\/pages"}],"about":[{"href":"https:\/\/sandbox.imaxel.com\/wordpress\/wp-json\/wp\/v2\/types\/page"}],"author":[{"embeddable":true,"href":"https:\/\/sandbox.imaxel.com\/wordpress\/wp-json\/wp\/v2\/users\/1"}],"replies":[{"embeddable":true,"href":"https:\/\/sandbox.imaxel.com\/wordpress\/wp-json\/wp\/v2\/comments?post=499"}],"version-history":[{"count":16,"href":"https:\/\/sandbox.imaxel.com\/wordpress\/wp-json\/wp\/v2\/pages\/499\/revisions"}],"predecessor-version":[{"id":528,"href":"https:\/\/sandbox.imaxel.com\/wordpress\/wp-json\/wp\/v2\/pages\/499\/revisions\/528"}],"wp:attachment":[{"href":"https:\/\/sandbox.imaxel.com\/wordpress\/wp-json\/wp\/v2\/media?parent=499"}],"curies":[{"name":"wp","href":"https:\/\/api.w.org\/{rel}","templated":true}]}}